{"id":6,"date":"2021-08-10T23:34:49","date_gmt":"2021-08-10T21:34:49","guid":{"rendered":"http:\/\/mecenasfrankowicza.pl\/?page_id=6"},"modified":"2021-11-21T22:23:13","modified_gmt":"2021-11-21T21:23:13","slug":"strona-glowna","status":"publish","type":"page","link":"https:\/\/mecenasfrankowicza.you2.pl\/","title":{"rendered":"Strona g\u0142\u00f3wna"},"content":{"rendered":"<p><img decoding=\"async\" width=\"800\" height=\"323\" src=\"https:\/\/mecenasfrankowicza.pl\/wp-content\/uploads\/2021\/08\/Zdjecie-glowna-1024x413.png\" alt=\"\" loading=\"lazy\" srcset=\"https:\/\/mecenasfrankowicza.pl\/wp-content\/uploads\/2021\/08\/Zdjecie-glowna-1024x413.png 1024w, https:\/\/mecenasfrankowicza.pl\/wp-content\/uploads\/2021\/08\/Zdjecie-glowna-300x121.png 300w, https:\/\/mecenasfrankowicza.pl\/wp-content\/uploads\/2021\/08\/Zdjecie-glowna-768x310.png 768w, https:\/\/mecenasfrankowicza.pl\/wp-content\/uploads\/2021\/08\/Zdjecie-glowna.png 1504w\" sizes=\"auto, (max-width: 800px) 100vw, 800px\"><\/p>\n<p>Witam serdecznie na podstronie Kancelarii Maziarek dedykowanej sprawom zwi\u0105zanym z umowami kredytu hipotecznego indeksowanego\/denominowanego do waluty obcej, najcz\u0119\u015bciej CHF (dalej nazywane og\u00f3lnie jako \u201esprawy frankowe\u201d).<\/p>\n<h2>NASZE KOMPETENCJE<\/h2>\n<p>Na rynku prawniczym dzia\u0142amy ju\u017c od 20 lat. Mamy bardzo bogate do\u015bwiadczenie zawodowe pochodz\u0105ce z wykonywania zawodu radcy prawnego w zr\u00f3\u017cnicowanych podmiotach. Pracowali\u015bmy w administracji (Komisja Papier\u00f3w Warto\u015bciowych i Gie\u0142d, Komisja Nadzoru Finansowego) oraz sp\u00f3\u0142kach powi\u0105zanych z doradzaniem oraz obs\u0142ug\u0105 inwestycji finansowych. \u015awiadczyli\u015bmy pomoc prawn\u0105 jako tzw. in hause lawyer (prawnik wewn\u0119trzny) w znacz\u0105cych grupach kapita\u0142owych. Wi\u0119cej o nas dowiesz si\u0119 odwiedzaj\u0105c stron\u0119&nbsp;<a style=\"background-color: #f4f0ed;\" href=\"https:\/\/prawnikwarszawa24.pl\/\" target=\"_blank\" rel=\"noopener\">www.PrawnikWarszawa24.pl<\/a><\/p>\n<h2> NASZE MY\u015aLENIE<\/h2>\n<p lang=\"pl-PL\">Przy decyzji o otwarciu kancelarii radc\u00f3w prawnych przy\u015bwieca\u0142a nam my\u015bl wykorzystania naszych unikalnych kompetencji i wiedzy eksperckiej w urzeczywistnianiu ochrony prawnej inwestor\u00f3w, klient\u00f3w firm inwestycyjnych i klient\u00f3w bank\u00f3w.<\/p>\n<h2>CEL DZIA\u0141ANIA<\/h2>\n<p lang=\"pl-PL\">Naszym celem przy prowadzeniu spraw frankowych jest wsparcie klienta w jego drodze do uniewa\u017cnienia umowy kredytu i odzyskanie nadp\u0142aconych na rzecz banku kwot. Naszym zadaniem jest maksymalne wykorzystanie mo\u017cliwo\u015bci prawnych w urzeczywistnieniu tego celu.<\/p>\n<h2>DLACZEGO WARTO NAS WYBRA\u0106?<\/h2>\n<p lang=\"pl-PL\">Bezp\u0142atnie wykonujemy kompleksow\u0105 analiz\u0119 um\u00f3w kredytowych zawartych z bankami przez Frankowicz\u00f3w. Prze\u015blij nam swoj\u0105 umow\u0119 (bez danych osobowych i kwoty kredytu) \u2013 poinformujemy, czy zawiera klauzule abuzywne, mog\u0105ce prowadzi\u0107 do jej niewa\u017cno\u015bci.<\/p>\n<p lang=\"pl-PL\">Na pierwszym, wst\u0119pnym etapie wsp\u00f3\u0142pracy \u2013 bezp\u0142atnie wska\u017cemy jakie dokumenty nale\u017cy uzyska\u0107 od Banku, konieczne do z\u0142o\u017cenie pozwu.<\/p>\n<p lang=\"pl-PL\">Po zebraniu ww. dokument\u00f3w, um\u00f3wimy spotkanie, na kt\u00f3rym przedstawimy Tobie nasz\u0105 koncepcj\u0119 prowadzenia sprawy, zapoznasz si\u0119 z argumentacj\u0105 zawart\u0105 w pozwie, porozmawiamy o tym jak wygl\u0105da sprawa s\u0105dowa w praktyce i jakie konsekwencje wi\u0105\u017c\u0105 si\u0119 z uniewa\u017cnieniem umowy kredytowej.<\/p>\n<p lang=\"pl-PL\">Je\u017celi wolisz, mo\u017cemy takie spotkanie przeprowadzi\u0107 w formule zdalnej.<\/p>\n<p lang=\"pl-PL\">Po zawarciu umowy \u2013 wyliczymy na podstawie otrzymanych od banku dokument\u00f3w dotycz\u0105cych sp\u0142aty kredytu \u2013 kwot\u0119 wp\u0142aconych \u015brodk\u00f3w oraz uzgodnimy razem z Tob\u0105 jaka kwota b\u0119dzie za\u017c\u0105dana w pozwie.<\/p>\n<p lang=\"pl-PL\">Wyliczymy kwot\u0119 nadp\u0142aty \u2013 kwot\u0119 o jak\u0105 mo\u017cna wyst\u0105pi\u0107 do Banku w przypadku niewa\u017cno\u015bci umowy oraz kwot\u0119 kredytu po \u201eodfrankowieniu\u201d i nadp\u0142at\u0119.<\/p>\n<p lang=\"pl-PL\">W toku procesu merytorycznie przygotujemy Ciebie do stawiennictwa na rozprawach oraz przes\u0142uchania przed s\u0105dem.<\/p>\n<form id=\"wpforms-form-575\" data-formid=\"575\" method=\"post\" enctype=\"multipart\/form-data\" action=\"\/wp-admin\/admin-ajax.php\" data-token=\"10846c7b77df6f5e07c34d28da715356\"><noscript>Please enable JavaScript in your browser to complete this form.<\/noscript><label for=\"wpforms-575-field_1\">Adres e-mail *<\/label><input type=\"email\" id=\"wpforms-575-field_1\" name=\"wpforms[fields][1]\" required=\"\"><label for=\"wpforms-575-field_2\">Poinformuj nas, \u017ce szukasz pomocy prawnej w sprawie frankowej lub zadaj pytanie *<\/label><textarea id=\"wpforms-575-field_2\" name=\"wpforms[fields][2]\" required=\"\"><\/textarea><input type=\"hidden\" name=\"wpforms[id]\" value=\"575\"><input type=\"hidden\" name=\"wpforms[author]\" value=\"1\"><button type=\"submit\" name=\"wpforms[submit]\" id=\"wpforms-submit-575\" value=\"wpforms-submit\" aria-live=\"assertive\" data-alt-text=\"Wysy\u0142anie...\" data-submit-text=\"Wy\u015blij\">Wy\u015blij<\/button><img loading=\"lazy\" decoding=\"async\" src=\"https:\/\/mecenasfrankowicza.pl\/wp-content\/plugins\/wpforms-lite\/assets\/images\/submit-spin.svg\" style=\"display: none;\" width=\"26\" height=\"26\" alt=\"\"><\/form>\n<p>  <!-- .wpforms-container --><\/p>\n<p lang=\"pl-PL\">Zaufali nam Frankowicze, klienci: Millennium, mBanku, Getin (Noble) Banku, PKO BP (Nordea).<\/p>\n<p lang=\"pl-PL\">Posiadamy 20 letnie do\u015bwiadczenie w zagadnieniach prawnych zwi\u0105zanych z inwestowaniem, umowami bankowymi, regulaminami bankowymi i dochodzeniem roszcze\u0144.<\/p>\n<p lang=\"pl-PL\">Mamy korzystn\u0105 cenowo ofert\u0119, z mo\u017cliwo\u015bci\u0105 <u>roz\u0142o\u017cenia p\u0142atno\u015bci na raty<\/u>.<\/p>\n<h2>Frankowiczu &#8211; jedyn\u0105 drog\u0105 o zadbanie o swoje bezpiecze\u0144stwo finansowe jest droga s\u0105dowa!<\/h2>\n<p lang=\"pl-PL\">Bank w umowie kredytu indeksowanego\/denominowanego do waluty obcej przerzuci\u0142 na Ciebie i Twoj\u0105 rodzin\u0119 w ca\u0142o\u015bci ryzyko zmiany kursu waluty.<\/p>\n<p lang=\"pl-PL\">Jedyn\u0105 obecnie dost\u0119pn\u0105 drog\u0105 do uwolnienia si\u0119 od toksycznego kredytu jest droga s\u0105dowa. W samym S\u0105dzie Okr\u0119gowym w Warszawie w okresie marzec \u2013 kwiecie\u0144 2021 wp\u0142yn\u0119\u0142o przynajmniej 3000 spraw.<\/p>\n<p lang=\"pl-PL\">Kolejka do rozpoznania sprawy wyd\u0142u\u017ca si\u0119, poniewa\u017c zasoby organizacyjne s\u0105d\u00f3w si\u0119 nie zmieniaj\u0105, a kwarantanna narodowa zwi\u0105zana z covid oraz nap\u0142yw spraw Frankowicz\u00f3w, kt\u00f3rzy \u201ewzi\u0119li sprawy w swoje r\u0119ce\u201d po orzeczeniu TSUE w sprawie p. Dziubak, skutecznie zahamowa\u0142a i spowolni\u0142a rozpatrywanie spraw.<\/p>\n<p>Poni\u017cej odpowiedzi na pytania, zadawane przez Frankowicz\u00f3w na pocz\u0105tku drogi zadbania o w\u0142asne bezpiecze\u0144stwo finansowe.<\/p>\n<h3>Czy warto czeka\u0107 a\u017c bank zaproponuje ugod\u0119?<\/h3>\n<p lang=\"pl-PL\">Korzystne dla Frankowicz\u00f3w bankowe propozycje ug\u00f3d s\u0105 jak Yeti, podobno istniej\u0105, ale nikt ich jeszcze nie widzia\u0142. Pisz\u0119 te s\u0142owa w po\u0142owie 2021r.<br \/>\nZdarza si\u0119, \u017ce banki sk\u0142adaj\u0105 propozycje ugodowe w toku post\u0119powania s\u0105dowego, nie s\u0105 to jednak propozycje korzystne i warte rozwa\u017cenia. Czasami po ich akceptacji przez Frankowicz\u00f3w s\u0105 wycofywane (!). By\u0107 mo\u017ce kto\u015b \u2013 gdzie\u015b &#8211; kiedy\u015b zawar\u0142 korzystn\u0105 ugod\u0119 z bankiem, jednak\u017ce ze wzgl\u0119du na klauzul\u0119 poufno\u015bci ta informacja nie trafi\u0142a do powszechnego obiegu. Nale\u017cy jednak zada\u0107 sobie pytanie jakie jest prawdopodobie\u0144stwo, \u017ce bank z\u0142o\u017cy tak\u0105 propozycj\u0119 Tobie, je\u017celi przez tyle lat nie kwapi\u0142 si\u0119 z rozwi\u0105zaniem tej sprawy. Czas jest sprzymierze\u0144cem bank\u00f3w, wp\u0142ywaj\u0105 na ich konto comiesi\u0119czne raty wyliczane zgodnie z klauzulami abuzywnymi, wraz z up\u0142ywem czasu sprawy rodzinne Frankowicz\u00f3w mog\u0105 si\u0119 komplikowa\u0107, w miejsce zmar\u0142ych kredytobiorc\u00f3w wchodz\u0105 ich spadkobiercy, ma\u0142\u017conkowie si\u0119 rozwodz\u0105. Zdarzenia te nie uniemo\u017cliwiaj\u0105 wyst\u0105pienia z pow\u00f3dztwem, ale mog\u0105 wp\u0142yn\u0105\u0107 na sam\u0105 decyzj\u0119 uprawnionych o wyst\u0105pieniu z pow\u00f3dztwem czy te\u017c na czas rozpoznawania sprawy przez s\u0105d.<\/p>\n<h3>Co mog\u0119 uzyska\u0107 w s\u0105dzie?<\/h3>\n<p lang=\"pl-PL\">W przypadku umowy kredytu hipotecznego indeksowanego\/denominowanego do CHF rekomendujemy wyst\u0105pienie z pow\u00f3dztwem o ustalenie niewa\u017cno\u015bci umowy oraz \u017c\u0105daniem zap\u0142aty przez bank wszystkich uiszczonych przez klienta na podstawie umowy rat odsetkowo \u2013 kapita\u0142owych oraz innych wp\u0142at. Zdarzaj\u0105 si\u0119 jednak sytuacje, gdy klienci wybieraj\u0105 tzw. odfrankowienie.<\/p>\n<h3>Czy mo\u017cna wst\u0105pi\u0107 na drog\u0119 s\u0105dow\u0105 w sytuacji, gdy kredyt jest ju\u017c sp\u0142acony?<\/h3>\n<p lang=\"pl-PL\">Tak, istnieje taka mo\u017cliwo\u015b\u0107. W\u00f3wczas wyst\u0119pujemy o zwrot przez bank kwot przewy\u017cszaj\u0105cych warto\u015b\u0107 udzielonego kredytu wskazanej w umowie kredytu w z\u0142otych.<\/p>\n<h3>Czy podczas procesu musz\u0119 sp\u0142aca\u0107 raty odsetkowo &#8211; kapita\u0142owe?<\/h3>\n<p lang=\"pl-PL\">Co do zasady, a\u017c do uzyskania prawomocnego orzeczenia s\u0105dowego ustalaj\u0105cego niewa\u017cno\u015b\u0107 umowy kredyt nale\u017cy sp\u0142aca\u0107 zgodnie z harmonogramem, chyba \u017ce strategia procesowa ustalona z Kancelari\u0105 Maziarek \u2013 Mecenas Frankowicza obejmuje inne dzia\u0142anie.<\/p>\n<p lang=\"pl-PL\">W sytuacji, gdy saldo wp\u0142at na rzecz banku na podstawie umowy przewy\u017csza warto\u015b\u0107 udzielonego kredytu wyra\u017con\u0105 w z\u0142otych istnieje mo\u017cliwo\u015b\u0107 wyst\u0105pienia wraz z pozwem lub w trakcie procesu o udzielenie przez s\u0105d rozpoznaj\u0105cy spraw\u0119 wniosku o zabezpieczenie roszczenia, kt\u00f3rego zaakceptowanie przez s\u0105d b\u0119dzie r\u00f3wnoznaczne z zawieszeniem obowi\u0105zku sp\u0142acania rat odsetkowo \u2013 kapita\u0142owych na czas trwania procesu.<\/p>\n<h3>Sk\u0105d mam wiedzie\u0107, \u017ce moja umowa zawiera klauzule abuzywne?<br \/>\nDlaczego te umowy s\u0105 nieuczciwe?<br \/>\nCzy moja umowa te\u017c taka jest?<\/h3>\n<p>Zapisy w umowie maj\u0105 do\u015b\u0107 specjalistyczny charakter, je\u017celi masz w\u0105tpliwo\u015bci co do wyst\u0119powania klauzul abuzywnych w zawartej przez Ciebie umowie prze\u015blij jej skan na adres e-mail kontakt@KancelariaMaziarek.pl<\/p>\n<p><u>Wpierw jednak usu\u0144 ze skanu wszelkie dane osobowe (na tym etapie dzia\u0142ania nie s\u0105 one potrzebne).<\/u><\/p>\n<h3>Co to s\u0105 koszty zast\u0119pstwa procesowego?<\/h3>\n<p>Rozporz\u0105dzenie Ministra Sprawiedliwo\u015bci z dnia 22 pa\u017adziernika 2015 r. w sprawie op\u0142at za czynno\u015bci radc\u00f3w prawnych oraz rozporz\u0105dzenie Ministra Sprawiedliwo\u015bci z dnia 22 pa\u017adziernika 2015 r. w sprawie op\u0142at za czynno\u015bci adwokat\u00f3w reguluj\u0105 stawki koszt\u00f3w ustanowienia pe\u0142nomocnika procesowego zas\u0105dzane przez s\u0105d na rzecz strony wygrywaj\u0105cej proces od przeciwnika procesowego przegrywaj\u0105cego spraw\u0119. <u>Kwoty te nie s\u0105 uzale\u017cnione od rzeczywi\u015bcie poniesionych koszt\u00f3w wynikaj\u0105cych z umowy z pe\u0142nomocnikiem procesowym<\/u>. W sprawach frankowych s\u0105 uzale\u017cnione od warto\u015bci przedmiotu sprawy (warto\u015b\u0107 wyp\u0142aconego kredytu w z\u0142otych przy \u017c\u0105daniu uniewa\u017cnienia b\u0105d\u017a warto\u015b\u0107 \u017c\u0105dnej kwoty), co do zasady stawki minimalne wynosz\u0105 przy warto\u015bci przedmiotu sprawy:&nbsp;<\/p>\n<p>do 500 z\u0142 &#8211; 90 z\u0142;&nbsp;<\/p>\n<p>powy\u017cej 500 z\u0142 do 1500 z\u0142 &#8211; 270 z\u0142;&nbsp;<\/p>\n<p>powy\u017cej 1500 z\u0142 do 5000 z\u0142 &#8211; 900 z\u0142;&nbsp;<\/p>\n<p>powy\u017cej 5000 z\u0142 do 10&nbsp;000 z\u0142 &#8211; 1800 z\u0142;&nbsp;<\/p>\n<p>powy\u017cej 10&nbsp;000 z\u0142 do 50&nbsp;000 z\u0142 &#8211; 3600 z\u0142;&nbsp;<\/p>\n<p>powy\u017cej 50&nbsp;000 z\u0142 do 200&nbsp;000 z\u0142 &#8211; 5400 z\u0142;&nbsp;<\/p>\n<p>powy\u017cej 200&nbsp;000 z\u0142 do 2&nbsp;000&nbsp;000 z\u0142 &#8211; 10&nbsp;800 z\u0142;&nbsp;<\/p>\n<p>powy\u017cej 2&nbsp;000&nbsp;000 z\u0142 do 5&nbsp;000&nbsp;000 z\u0142 &#8211; 15&nbsp;000 z\u0142;&nbsp;<\/p>\n<p>powy\u017cej 5&nbsp;000&nbsp;000 z\u0142 &#8211; 25&nbsp;000 z\u0142.<\/p>\n<h3>Jakie jest wynagrodzenie Kancelarii za prowadzenie sprawy o uniewa\u017cnienie umowy kredytu indeksowanego\/ denominowanego do CHF lub inne waluty obcej?&nbsp;<\/h3>\n<p>Je\u017celi umowa zawarta z Kancelari\u0105 nie stanowi inaczej, na ca\u0142o\u015bciowe wynagrodzenie Kancelarii sk\u0142ada si\u0119 op\u0142ata pocz\u0105tkowa i dodatkowo wynagrodzenie motywacyjne&nbsp;nale\u017cne w wypadku stwierdzenia przez S\u0105d niewa\u017cno\u015bci&nbsp;umowy. Wynagrodzenie motywacyjne jest r\u00f3wne wysoko\u015bci zas\u0105dzonych koszt\u00f3w zast\u0119pstwa procesowego powi\u0119kszonego o VAT.<\/p>\n<p>Dodatkowa op\u0142ata przewidziana jest jedynie w przypadku konieczno\u015bci stawienia si\u0119 na trzeciej i kolejnych rozprawach w wysoko\u015bci 300 z\u0142 brutto (dotyczy stawiennictwa w s\u0105dach w Warszawie).<\/p>\n<p>W celu poznania szczeg\u00f3\u0142owej oferty prosimy o kontakt poprzez formularz lub e-mail.<\/p>\n<p>Op\u0142ata pocz\u0105tkowa roz\u0142o\u017cona jest na comiesi\u0119czne raty.<\/p>\n<p>Tre\u015b\u0107 niniejszej strony zosta\u0142a przygotowana dla klient\u00f3w bank\u00f3w, kt\u00f3rzy na co dzie\u0144 nie pos\u0142uguj\u0105 si\u0119 prawniczym s\u0142ownictwem. W zwi\u0105zku z powy\u017cszym stawiaj\u0105c na jasny przekaz pomijam zawi\u0142o\u015bci prawne oraz specjalistyczn\u0105 terminologi\u0119.<\/p>\n<p>B\u0105d\u017a na bie\u017c\u0105co. Odwied\u017a nas na facebooku, tam znajdziesz aktualno\u015bci na tematy frankowe i mo\u017cesz zada\u0107 pytanie radcy prawnemu.<\/p>\n<p><a href=\"https:\/\/www.facebook.com\/profile.php?id=100068630050929\" target=\"_blank\" rel=\"noopener\"><br \/>\nFacebook<br \/>\n<\/a><\/p>\n","protected":false},"excerpt":{"rendered":"<p>Witam serdecznie na podstronie Kancelarii Maziarek dedykowanej sprawom zwi\u0105zanym z umowami kredytu hipotecznego indeksowanego\/denominowanego do waluty obcej, najcz\u0119\u015bciej CHF (dalej nazywane og\u00f3lnie jako \u201esprawy frankowe\u201d). NASZE KOMPETENCJE Na rynku prawniczym dzia\u0142amy ju\u017c od 20 lat. Mamy bardzo bogate do\u015bwiadczenie zawodowe pochodz\u0105ce z wykonywania zawodu radcy prawnego w zr\u00f3\u017cnicowanych podmiotach. Pracowali\u015bmy w administracji (Komisja Papier\u00f3w Warto\u015bciowych [&hellip;]<\/p>\n","protected":false},"author":1,"featured_media":0,"parent":0,"menu_order":0,"comment_status":"closed","ping_status":"closed","template":"elementor_header_footer","meta":{"footnotes":""},"class_list":["post-6","page","type-page","status-publish","hentry"],"yoast_head":"<!-- This site is optimized with the Yoast SEO plugin v17.4 - https:\/\/yoast.com\/wordpress\/plugins\/seo\/ -->\n<title>Strona g\u0142\u00f3wna - Mecenas Frankowicza<\/title>\n<meta name=\"robots\" content=\"index, follow, max-snippet:-1, max-image-preview:large, max-video-preview:-1\" \/>\n<link rel=\"canonical\" href=\"https:\/\/mecenasfrankowicza.you2.pl\/\" \/>\n<meta property=\"og:locale\" content=\"pl_PL\" \/>\n<meta property=\"og:type\" content=\"article\" \/>\n<meta property=\"og:title\" content=\"Strona g\u0142\u00f3wna - Mecenas Frankowicza\" \/>\n<meta property=\"og:description\" content=\"Witam serdecznie na podstronie Kancelarii Maziarek dedykowanej sprawom zwi\u0105zanym z umowami kredytu hipotecznego indeksowanego\/denominowanego do waluty obcej, najcz\u0119\u015bciej CHF (dalej nazywane og\u00f3lnie jako \u201esprawy frankowe\u201d). NASZE KOMPETENCJE Na rynku prawniczym dzia\u0142amy ju\u017c od 20 lat. Mamy bardzo bogate do\u015bwiadczenie zawodowe pochodz\u0105ce z wykonywania zawodu radcy prawnego w zr\u00f3\u017cnicowanych podmiotach. Pracowali\u015bmy w administracji (Komisja Papier\u00f3w Warto\u015bciowych [&hellip;]\" \/>\n<meta property=\"og:url\" content=\"https:\/\/mecenasfrankowicza.you2.pl\/\" \/>\n<meta property=\"og:site_name\" content=\"Mecenas Frankowicza\" \/>\n<meta property=\"article:modified_time\" content=\"2021-11-21T21:23:13+00:00\" \/>\n<meta property=\"og:image\" content=\"https:\/\/mecenasfrankowicza.pl\/wp-content\/uploads\/2021\/08\/Zdjecie-glowna-1024x413.png\" \/>\n<meta name=\"twitter:card\" content=\"summary_large_image\" \/>\n<meta name=\"twitter:label1\" content=\"Szacowany czas czytania\" \/>\n\t<meta name=\"twitter:data1\" content=\"6 minut\" \/>\n<script type=\"application\/ld+json\" class=\"yoast-schema-graph\">{\"@context\":\"https:\/\/schema.org\",\"@graph\":[{\"@type\":\"WebSite\",\"@id\":\"https:\/\/mecenasfrankowicza.you2.pl\/#website\",\"url\":\"https:\/\/mecenasfrankowicza.you2.pl\/\",\"name\":\"Mecenas Frankowicza\",\"description\":\"po prostu prawo\",\"potentialAction\":[{\"@type\":\"SearchAction\",\"target\":{\"@type\":\"EntryPoint\",\"urlTemplate\":\"https:\/\/mecenasfrankowicza.you2.pl\/?s={search_term_string}\"},\"query-input\":\"required name=search_term_string\"}],\"inLanguage\":\"pl-PL\"},{\"@type\":\"ImageObject\",\"@id\":\"https:\/\/mecenasfrankowicza.you2.pl\/#primaryimage\",\"inLanguage\":\"pl-PL\",\"url\":\"https:\/\/mecenasfrankowicza.pl\/wp-content\/uploads\/2021\/08\/Zdjecie-glowna-1024x413.png\",\"contentUrl\":\"https:\/\/mecenasfrankowicza.pl\/wp-content\/uploads\/2021\/08\/Zdjecie-glowna-1024x413.png\"},{\"@type\":\"WebPage\",\"@id\":\"https:\/\/mecenasfrankowicza.you2.pl\/#webpage\",\"url\":\"https:\/\/mecenasfrankowicza.you2.pl\/\",\"name\":\"Strona g\\u0142\\u00f3wna - Mecenas Frankowicza\",\"isPartOf\":{\"@id\":\"https:\/\/mecenasfrankowicza.you2.pl\/#website\"},\"primaryImageOfPage\":{\"@id\":\"https:\/\/mecenasfrankowicza.you2.pl\/#primaryimage\"},\"datePublished\":\"2021-08-10T21:34:49+00:00\",\"dateModified\":\"2021-11-21T21:23:13+00:00\",\"breadcrumb\":{\"@id\":\"https:\/\/mecenasfrankowicza.you2.pl\/#breadcrumb\"},\"inLanguage\":\"pl-PL\",\"potentialAction\":[{\"@type\":\"ReadAction\",\"target\":[\"https:\/\/mecenasfrankowicza.you2.pl\/\"]}]},{\"@type\":\"BreadcrumbList\",\"@id\":\"https:\/\/mecenasfrankowicza.you2.pl\/#breadcrumb\",\"itemListElement\":[{\"@type\":\"ListItem\",\"position\":1,\"name\":\"Strona g\\u0142\\u00f3wna\",\"item\":\"https:\/\/mecenasfrankowicza.you2.pl\/\"},{\"@type\":\"ListItem\",\"position\":2,\"name\":\"Strona g\\u0142\\u00f3wna\"}]}]}<\/script>\n<!-- \/ Yoast SEO plugin. -->","yoast_head_json":{"title":"Strona g\u0142\u00f3wna - Mecenas Frankowicza","robots":{"index":"index","follow":"follow","max-snippet":"max-snippet:-1","max-image-preview":"max-image-preview:large","max-video-preview":"max-video-preview:-1"},"canonical":"https:\/\/mecenasfrankowicza.you2.pl\/","og_locale":"pl_PL","og_type":"article","og_title":"Strona g\u0142\u00f3wna - Mecenas Frankowicza","og_description":"Witam serdecznie na podstronie Kancelarii Maziarek dedykowanej sprawom zwi\u0105zanym z umowami kredytu hipotecznego indeksowanego\/denominowanego do waluty obcej, najcz\u0119\u015bciej CHF (dalej nazywane og\u00f3lnie jako \u201esprawy frankowe\u201d). NASZE KOMPETENCJE Na rynku prawniczym dzia\u0142amy ju\u017c od 20 lat. Mamy bardzo bogate do\u015bwiadczenie zawodowe pochodz\u0105ce z wykonywania zawodu radcy prawnego w zr\u00f3\u017cnicowanych podmiotach. Pracowali\u015bmy w administracji (Komisja Papier\u00f3w Warto\u015bciowych [&hellip;]","og_url":"https:\/\/mecenasfrankowicza.you2.pl\/","og_site_name":"Mecenas Frankowicza","article_modified_time":"2021-11-21T21:23:13+00:00","og_image":[{"url":"https:\/\/mecenasfrankowicza.pl\/wp-content\/uploads\/2021\/08\/Zdjecie-glowna-1024x413.png"}],"twitter_card":"summary_large_image","twitter_misc":{"Szacowany czas czytania":"6 minut"},"schema":{"@context":"https:\/\/schema.org","@graph":[{"@type":"WebSite","@id":"https:\/\/mecenasfrankowicza.you2.pl\/#website","url":"https:\/\/mecenasfrankowicza.you2.pl\/","name":"Mecenas Frankowicza","description":"po prostu prawo","potentialAction":[{"@type":"SearchAction","target":{"@type":"EntryPoint","urlTemplate":"https:\/\/mecenasfrankowicza.you2.pl\/?s={search_term_string}"},"query-input":"required name=search_term_string"}],"inLanguage":"pl-PL"},{"@type":"ImageObject","@id":"https:\/\/mecenasfrankowicza.you2.pl\/#primaryimage","inLanguage":"pl-PL","url":"https:\/\/mecenasfrankowicza.pl\/wp-content\/uploads\/2021\/08\/Zdjecie-glowna-1024x413.png","contentUrl":"https:\/\/mecenasfrankowicza.pl\/wp-content\/uploads\/2021\/08\/Zdjecie-glowna-1024x413.png"},{"@type":"WebPage","@id":"https:\/\/mecenasfrankowicza.you2.pl\/#webpage","url":"https:\/\/mecenasfrankowicza.you2.pl\/","name":"Strona g\u0142\u00f3wna - Mecenas Frankowicza","isPartOf":{"@id":"https:\/\/mecenasfrankowicza.you2.pl\/#website"},"primaryImageOfPage":{"@id":"https:\/\/mecenasfrankowicza.you2.pl\/#primaryimage"},"datePublished":"2021-08-10T21:34:49+00:00","dateModified":"2021-11-21T21:23:13+00:00","breadcrumb":{"@id":"https:\/\/mecenasfrankowicza.you2.pl\/#breadcrumb"},"inLanguage":"pl-PL","potentialAction":[{"@type":"ReadAction","target":["https:\/\/mecenasfrankowicza.you2.pl\/"]}]},{"@type":"BreadcrumbList","@id":"https:\/\/mecenasfrankowicza.you2.pl\/#breadcrumb","itemListElement":[{"@type":"ListItem","position":1,"name":"Strona g\u0142\u00f3wna","item":"https:\/\/mecenasfrankowicza.you2.pl\/"},{"@type":"ListItem","position":2,"name":"Strona g\u0142\u00f3wna"}]}]}},"_links":{"self":[{"href":"https:\/\/mecenasfrankowicza.you2.pl\/index.php\/wp-json\/wp\/v2\/pages\/6","targetHints":{"allow":["GET"]}}],"collection":[{"href":"https:\/\/mecenasfrankowicza.you2.pl\/index.php\/wp-json\/wp\/v2\/pages"}],"about":[{"href":"https:\/\/mecenasfrankowicza.you2.pl\/index.php\/wp-json\/wp\/v2\/types\/page"}],"author":[{"embeddable":true,"href":"https:\/\/mecenasfrankowicza.you2.pl\/index.php\/wp-json\/wp\/v2\/users\/1"}],"replies":[{"embeddable":true,"href":"https:\/\/mecenasfrankowicza.you2.pl\/index.php\/wp-json\/wp\/v2\/comments?post=6"}],"version-history":[{"count":197,"href":"https:\/\/mecenasfrankowicza.you2.pl\/index.php\/wp-json\/wp\/v2\/pages\/6\/revisions"}],"predecessor-version":[{"id":673,"href":"https:\/\/mecenasfrankowicza.you2.pl\/index.php\/wp-json\/wp\/v2\/pages\/6\/revisions\/673"}],"wp:attachment":[{"href":"https:\/\/mecenasfrankowicza.you2.pl\/index.php\/wp-json\/wp\/v2\/media?parent=6"}],"curies":[{"name":"wp","href":"https:\/\/api.w.org\/{rel}","templated":true}]}}