{"id":161,"date":"2021-08-18T22:35:46","date_gmt":"2021-08-18T20:35:46","guid":{"rendered":"http:\/\/mecenasfrankowicza.pl\/?page_id=161"},"modified":"2021-09-01T13:16:06","modified_gmt":"2021-09-01T11:16:06","slug":"nota-prawna","status":"publish","type":"page","link":"https:\/\/mecenasfrankowicza.you2.pl\/index.php\/nota-prawna\/","title":{"rendered":"Nota prawna"},"content":{"rendered":"\t\t<div data-elementor-type=\"wp-page\" data-elementor-id=\"161\" class=\"elementor elementor-161\" data-elementor-settings=\"[]\">\n\t\t\t\t\t\t\t<div class=\"elementor-section-wrap\">\n\t\t\t\t\t\t\t<section class=\"elementor-section elementor-top-section elementor-element elementor-element-2848641 elementor-section-boxed elementor-section-height-default elementor-section-height-default\" data-id=\"2848641\" data-element_type=\"section\">\n\t\t\t\t\t\t<div class=\"elementor-container elementor-column-gap-default\">\n\t\t\t\t\t<div class=\"elementor-column elementor-col-100 elementor-top-column elementor-element elementor-element-f7ee8ff\" data-id=\"f7ee8ff\" data-element_type=\"column\">\n\t\t\t<div class=\"elementor-widget-wrap elementor-element-populated\">\n\t\t\t\t\t\t\t\t<div class=\"elementor-element elementor-element-573bdd4 elementor-widget elementor-widget-text-editor\" data-id=\"573bdd4\" data-element_type=\"widget\" data-widget_type=\"text-editor.default\">\n\t\t\t\t<div class=\"elementor-widget-container\">\n\t\t\t\t\t\t\t<p>W\u0142a\u015bcicielem strony i autorem wpis\u00f3w jest Joanna Dam\u0119tka Maziarek. Korzystanie ze strony i regulacja praw autorskich podlega prawu polskiemu. Wpisy s\u0105 aktualne na dzie\u0144 ich publikacji, autor strony nie ma obowi\u0105zku aktualizacji wpis\u00f3w. Blog jest prowadzony w celach edukacyjnych, nie stanowi \u015bwiadczenia pomocy prawnej.<\/p><p>Polityk\u0119 prywatno\u015bci znajdziesz\u00a0<a href=\"http:\/\/kancelaria-maziarek.pl\/index.php\/nota-prawna\/\" target=\"_blank\" rel=\"noopener\">tutaj<\/a>.<\/p>\t\t\t\t\t\t<\/div>\n\t\t\t\t<\/div>\n\t\t\t\t\t<\/div>\n\t\t<\/div>\n\t\t\t\t\t\t\t<\/div>\n\t\t<\/section>\n\t\t\t\t\t\t<\/div>\n\t\t\t\t\t<\/div>\n\t\t","protected":false},"excerpt":{"rendered":"<p>W\u0142a\u015bcicielem strony i autorem wpis\u00f3w jest Joanna Dam\u0119tka Maziarek. Korzystanie ze strony i regulacja praw autorskich podlega prawu polskiemu. Wpisy s\u0105 aktualne na dzie\u0144 ich publikacji, autor strony nie ma obowi\u0105zku aktualizacji wpis\u00f3w. Blog jest prowadzony w celach edukacyjnych, nie stanowi \u015bwiadczenia pomocy prawnej. Polityk\u0119 prywatno\u015bci znajdziesz\u00a0tutaj.<\/p>\n","protected":false},"author":1,"featured_media":0,"parent":0,"menu_order":0,"comment_status":"closed","ping_status":"closed","template":"","meta":{"footnotes":""},"class_list":["post-161","page","type-page","status-publish","hentry"],"yoast_head":"<!-- This site is optimized with the Yoast SEO plugin v17.4 - https:\/\/yoast.com\/wordpress\/plugins\/seo\/ -->\n<title>Nota prawna - Mecenas Frankowicza<\/title>\n<meta name=\"robots\" content=\"index, follow, max-snippet:-1, max-image-preview:large, max-video-preview:-1\" \/>\n<link rel=\"canonical\" href=\"https:\/\/mecenasfrankowicza.you2.pl\/index.php\/nota-prawna\/\" \/>\n<meta property=\"og:locale\" content=\"pl_PL\" \/>\n<meta property=\"og:type\" content=\"article\" \/>\n<meta property=\"og:title\" content=\"Nota prawna - Mecenas Frankowicza\" \/>\n<meta property=\"og:description\" content=\"W\u0142a\u015bcicielem strony i autorem wpis\u00f3w jest Joanna Dam\u0119tka Maziarek. Korzystanie ze strony i regulacja praw autorskich podlega prawu polskiemu. Wpisy s\u0105 aktualne na dzie\u0144 ich publikacji, autor strony nie ma obowi\u0105zku aktualizacji wpis\u00f3w. Blog jest prowadzony w celach edukacyjnych, nie stanowi \u015bwiadczenia pomocy prawnej. Polityk\u0119 prywatno\u015bci znajdziesz\u00a0tutaj.\" \/>\n<meta property=\"og:url\" content=\"https:\/\/mecenasfrankowicza.you2.pl\/index.php\/nota-prawna\/\" \/>\n<meta property=\"og:site_name\" content=\"Mecenas Frankowicza\" \/>\n<meta property=\"article:modified_time\" content=\"2021-09-01T11:16:06+00:00\" \/>\n<meta name=\"twitter:card\" content=\"summary_large_image\" \/>\n<script type=\"application\/ld+json\" class=\"yoast-schema-graph\">{\"@context\":\"https:\/\/schema.org\",\"@graph\":[{\"@type\":\"WebSite\",\"@id\":\"https:\/\/mecenasfrankowicza.you2.pl\/#website\",\"url\":\"https:\/\/mecenasfrankowicza.you2.pl\/\",\"name\":\"Mecenas Frankowicza\",\"description\":\"po prostu prawo\",\"potentialAction\":[{\"@type\":\"SearchAction\",\"target\":{\"@type\":\"EntryPoint\",\"urlTemplate\":\"https:\/\/mecenasfrankowicza.you2.pl\/?s={search_term_string}\"},\"query-input\":\"required name=search_term_string\"}],\"inLanguage\":\"pl-PL\"},{\"@type\":\"WebPage\",\"@id\":\"https:\/\/mecenasfrankowicza.you2.pl\/index.php\/nota-prawna\/#webpage\",\"url\":\"https:\/\/mecenasfrankowicza.you2.pl\/index.php\/nota-prawna\/\",\"name\":\"Nota prawna - Mecenas Frankowicza\",\"isPartOf\":{\"@id\":\"https:\/\/mecenasfrankowicza.you2.pl\/#website\"},\"datePublished\":\"2021-08-18T20:35:46+00:00\",\"dateModified\":\"2021-09-01T11:16:06+00:00\",\"breadcrumb\":{\"@id\":\"https:\/\/mecenasfrankowicza.you2.pl\/index.php\/nota-prawna\/#breadcrumb\"},\"inLanguage\":\"pl-PL\",\"potentialAction\":[{\"@type\":\"ReadAction\",\"target\":[\"https:\/\/mecenasfrankowicza.you2.pl\/index.php\/nota-prawna\/\"]}]},{\"@type\":\"BreadcrumbList\",\"@id\":\"https:\/\/mecenasfrankowicza.you2.pl\/index.php\/nota-prawna\/#breadcrumb\",\"itemListElement\":[{\"@type\":\"ListItem\",\"position\":1,\"name\":\"Strona g\\u0142\\u00f3wna\",\"item\":\"https:\/\/mecenasfrankowicza.you2.pl\/\"},{\"@type\":\"ListItem\",\"position\":2,\"name\":\"Nota prawna\"}]}]}<\/script>\n<!-- \/ Yoast SEO plugin. -->","yoast_head_json":{"title":"Nota prawna - Mecenas Frankowicza","robots":{"index":"index","follow":"follow","max-snippet":"max-snippet:-1","max-image-preview":"max-image-preview:large","max-video-preview":"max-video-preview:-1"},"canonical":"https:\/\/mecenasfrankowicza.you2.pl\/index.php\/nota-prawna\/","og_locale":"pl_PL","og_type":"article","og_title":"Nota prawna - Mecenas Frankowicza","og_description":"W\u0142a\u015bcicielem strony i autorem wpis\u00f3w jest Joanna Dam\u0119tka Maziarek. Korzystanie ze strony i regulacja praw autorskich podlega prawu polskiemu. Wpisy s\u0105 aktualne na dzie\u0144 ich publikacji, autor strony nie ma obowi\u0105zku aktualizacji wpis\u00f3w. Blog jest prowadzony w celach edukacyjnych, nie stanowi \u015bwiadczenia pomocy prawnej. Polityk\u0119 prywatno\u015bci znajdziesz\u00a0tutaj.","og_url":"https:\/\/mecenasfrankowicza.you2.pl\/index.php\/nota-prawna\/","og_site_name":"Mecenas Frankowicza","article_modified_time":"2021-09-01T11:16:06+00:00","twitter_card":"summary_large_image","schema":{"@context":"https:\/\/schema.org","@graph":[{"@type":"WebSite","@id":"https:\/\/mecenasfrankowicza.you2.pl\/#website","url":"https:\/\/mecenasfrankowicza.you2.pl\/","name":"Mecenas Frankowicza","description":"po prostu prawo","potentialAction":[{"@type":"SearchAction","target":{"@type":"EntryPoint","urlTemplate":"https:\/\/mecenasfrankowicza.you2.pl\/?s={search_term_string}"},"query-input":"required name=search_term_string"}],"inLanguage":"pl-PL"},{"@type":"WebPage","@id":"https:\/\/mecenasfrankowicza.you2.pl\/index.php\/nota-prawna\/#webpage","url":"https:\/\/mecenasfrankowicza.you2.pl\/index.php\/nota-prawna\/","name":"Nota prawna - Mecenas Frankowicza","isPartOf":{"@id":"https:\/\/mecenasfrankowicza.you2.pl\/#website"},"datePublished":"2021-08-18T20:35:46+00:00","dateModified":"2021-09-01T11:16:06+00:00","breadcrumb":{"@id":"https:\/\/mecenasfrankowicza.you2.pl\/index.php\/nota-prawna\/#breadcrumb"},"inLanguage":"pl-PL","potentialAction":[{"@type":"ReadAction","target":["https:\/\/mecenasfrankowicza.you2.pl\/index.php\/nota-prawna\/"]}]},{"@type":"BreadcrumbList","@id":"https:\/\/mecenasfrankowicza.you2.pl\/index.php\/nota-prawna\/#breadcrumb","itemListElement":[{"@type":"ListItem","position":1,"name":"Strona g\u0142\u00f3wna","item":"https:\/\/mecenasfrankowicza.you2.pl\/"},{"@type":"ListItem","position":2,"name":"Nota prawna"}]}]}},"_links":{"self":[{"href":"https:\/\/mecenasfrankowicza.you2.pl\/index.php\/wp-json\/wp\/v2\/pages\/161","targetHints":{"allow":["GET"]}}],"collection":[{"href":"https:\/\/mecenasfrankowicza.you2.pl\/index.php\/wp-json\/wp\/v2\/pages"}],"about":[{"href":"https:\/\/mecenasfrankowicza.you2.pl\/index.php\/wp-json\/wp\/v2\/types\/page"}],"author":[{"embeddable":true,"href":"https:\/\/mecenasfrankowicza.you2.pl\/index.php\/wp-json\/wp\/v2\/users\/1"}],"replies":[{"embeddable":true,"href":"https:\/\/mecenasfrankowicza.you2.pl\/index.php\/wp-json\/wp\/v2\/comments?post=161"}],"version-history":[{"count":10,"href":"https:\/\/mecenasfrankowicza.you2.pl\/index.php\/wp-json\/wp\/v2\/pages\/161\/revisions"}],"predecessor-version":[{"id":585,"href":"https:\/\/mecenasfrankowicza.you2.pl\/index.php\/wp-json\/wp\/v2\/pages\/161\/revisions\/585"}],"wp:attachment":[{"href":"https:\/\/mecenasfrankowicza.you2.pl\/index.php\/wp-json\/wp\/v2\/media?parent=161"}],"curies":[{"name":"wp","href":"https:\/\/api.w.org\/{rel}","templated":true}]}}